{"id":2605,"date":"2024-06-12T16:03:32","date_gmt":"2024-06-12T16:03:32","guid":{"rendered":"https:\/\/www.anyonecanbookagig.com\/a-propos\/"},"modified":"2024-07-29T14:02:04","modified_gmt":"2024-07-29T14:02:04","slug":"a-propos","status":"publish","type":"page","link":"https:\/\/www.anyonecanbookagig.com\/fr\/a-propos\/","title":{"rendered":"\u00c0 propos"},"content":{"rendered":"\n<div class=\"wp-block-uagb-container uagb-block-b4d4852f alignfull uagb-is-root-container\"><div class=\"uagb-container-inner-blocks-wrap\">\n<div class=\"wp-block-uagb-advanced-heading uagb-block-c280c150\"><h1 class=\"uagb-heading-text\">\u00c0 propos<\/h1><p class=\"uagb-desc-text\">D\u00e9couvrez Anyone Can Book a Gig<\/p><\/div>\n<\/div><\/div>\n\n<div data-aos= \"fade-up\" data-aos-duration=\"400\" data-aos-delay=\"0\" data-aos-easing=\"ease\" data-aos-once=\"true\" class=\"wp-block-uagb-container uagb-block-7c56a737 alignfull uagb-is-root-container\"><div class=\"uagb-container-inner-blocks-wrap\">\n<div class=\"wp-block-uagb-container uagb-block-2f9d3fb9\">\n<div class=\"wp-block-uagb-container uagb-block-305b0068\">\n<div class=\"wp-block-uagb-advanced-heading uagb-block-5df6af67\"><h6 class=\"uagb-heading-text\">NOTRE VISION<\/h6><\/div>\n<\/div>\n\n\n\n<div class=\"wp-block-uagb-container uagb-block-617dd1f3\">\n<p><strong>Anyone Can Book a Gig est le programme \u00e9ducatif de l&rsquo;agence de booking internationale <a title=\"Music Works International\" href=\"https:\/\/www.musicworksinternational.com\" target=\"_blank\" rel=\"noopener\"><span style=\"text-decoration: underline;\">Music Works International<\/span><\/a>, qui offre un certain nombre de ressources et de programmes pour enseigner aux artistes comment se repr\u00e9senter eux-m\u00eames et booker des concerts sans avoir besoin d&rsquo;un agent.<br\/><br\/>Music Works International et Katherine McVicker se regroupent avec plus de 30 ans d&rsquo;exp\u00e9rience dans le booking et l&rsquo;organisation de tourn\u00e9es, le marketing et le branding des artistes, la production de concerts, et plus encore. <br\/><br\/>Au fur et \u00e0 mesure de l\u2019\u00e9volution de sa carri\u00e8re, Katherine a observ\u00e9 les changements dans l&rsquo;industrie. Alors que les grandes maisons de disques s&rsquo;effacent et que la distribution ind\u00e9pendante prosp\u00e8re, les artistes d&rsquo;aujourd&rsquo;hui sont de plus en plus amen\u00e9s \u00e0 g\u00e9rer eux-m\u00eames divers aspects, mais les \u00e9coles de musique ne pr\u00e9parent souvent pas les artistes au c\u00f4t\u00e9 commercial d&rsquo;une carri\u00e8re de tourn\u00e9e.<br\/><br\/>Nous avons commenc\u00e9 \u00e0 r\u00e9fl\u00e9chir \u00e0 la mani\u00e8re dont nous pourrions fournir aux artistes en d\u00e9veloppement les outils et la confiance n\u00e9cessaires pour lancer eux-m\u00eames leur carri\u00e8re, en utilisant notre expertise en tant qu&rsquo;agence.<br\/><br\/>Apr\u00e8s des ateliers et des consultations priv\u00e9es avec des artistes, nous avons su que nous pouvions regrouper toute notre exp\u00e9rience professionnelle dans ce cours pour aider les musiciens \u00e0 d\u00e9velopper la confiance n\u00e9cessaire pour r\u00e9server leurs propres spectacles, promouvoir et commercialiser des concerts, et \u00e9laborer un plan pour r\u00e9ussir leur carri\u00e8re de performance en direct.<\/strong><\/p>\n<\/div>\n<\/div>\n\n\n\n<div class=\"wp-block-uagb-container uagb-block-f7c46a08\">\n<div class=\"wp-block-uagb-container uagb-block-72e2a150\">\n<div class=\"wp-block-uagb-advanced-heading uagb-block-bf43e691\"><h6 class=\"uagb-heading-text\">NOTRE MISSION<\/h6><\/div>\n<\/div>\n\n\n\n<div class=\"wp-block-uagb-container uagb-block-7916f09c\">\n<p><strong>Pour pr\u00e9parer les artistes avec les outils, les ressources et la confiance n\u00e9cessaires pour naviguer dans chaque aspect de l&rsquo;exp\u00e9rience de r\u00e9servation, quel que soit leur niveau d&rsquo;exp\u00e9rience ou l&rsquo;ampleur de leurs objectifs.<br\/><br\/>Avec une liste croissante d&rsquo;offres et des collaborations en expansion avec des universit\u00e9s, des conservatoires et des conf\u00e9rences de musique, Anyone Can Book a Gig cherche \u00e0 accomplir cette mission en pr\u00e9parant les artistes \u00e0 :<\/strong><\/p>\n\n\n\n<div class=\"wp-block-uagb-container uagb-block-518acdfc\">\n<div class=\"wp-block-uagb-icon-list uagb-block-c7883e2c\"><div class=\"uagb-icon-list__wrap\">\n<div class=\"wp-block-uagb-icon-list-child uagb-block-160356a7\"><a target=\"_self\" aria-label=\"Start Where They Are\" rel=\"noopener noreferrer\" href=\"#\"> <\/a><span class=\"uagb-icon-list__source-wrap\"><svg xmlns=\"https:\/\/www.w3.org\/2000\/svg\" viewbox=\"0 0 512 512\"><path d=\"M0 256C0 114.6 114.6 0 256 0C397.4 0 512 114.6 512 256C512 397.4 397.4 512 256 512C114.6 512 0 397.4 0 256zM371.8 211.8C382.7 200.9 382.7 183.1 371.8 172.2C360.9 161.3 343.1 161.3 332.2 172.2L224 280.4L179.8 236.2C168.9 225.3 151.1 225.3 140.2 236.2C129.3 247.1 129.3 264.9 140.2 275.8L204.2 339.8C215.1 350.7 232.9 350.7 243.8 339.8L371.8 211.8z\"><\/path><\/svg><\/span><span class=\"uagb-icon-list__label\">Commencer l\u00e0 o\u00f9 ils sont<\/span><\/div>\n\n\n\n<div class=\"wp-block-uagb-icon-list-child uagb-block-5228915c\"><a target=\"_self\" aria-label=\"Set Up Their Business\" rel=\"noopener noreferrer\" href=\"#\"> <\/a><span class=\"uagb-icon-list__source-wrap\"><svg xmlns=\"https:\/\/www.w3.org\/2000\/svg\" viewbox=\"0 0 512 512\"><path d=\"M0 256C0 114.6 114.6 0 256 0C397.4 0 512 114.6 512 256C512 397.4 397.4 512 256 512C114.6 512 0 397.4 0 256zM371.8 211.8C382.7 200.9 382.7 183.1 371.8 172.2C360.9 161.3 343.1 161.3 332.2 172.2L224 280.4L179.8 236.2C168.9 225.3 151.1 225.3 140.2 236.2C129.3 247.1 129.3 264.9 140.2 275.8L204.2 339.8C215.1 350.7 232.9 350.7 243.8 339.8L371.8 211.8z\"><\/path><\/svg><\/span><span class=\"uagb-icon-list__label\">Mettre en place leur structure<\/span><\/div>\n\n\n\n<div class=\"wp-block-uagb-icon-list-child uagb-block-f2251ed5\"><a target=\"_self\" aria-label=\"Perform Professional Research\" rel=\"noopener noreferrer\" href=\"#\"> <\/a><span class=\"uagb-icon-list__source-wrap\"><svg xmlns=\"https:\/\/www.w3.org\/2000\/svg\" viewbox=\"0 0 512 512\"><path d=\"M0 256C0 114.6 114.6 0 256 0C397.4 0 512 114.6 512 256C512 397.4 397.4 512 256 512C114.6 512 0 397.4 0 256zM371.8 211.8C382.7 200.9 382.7 183.1 371.8 172.2C360.9 161.3 343.1 161.3 332.2 172.2L224 280.4L179.8 236.2C168.9 225.3 151.1 225.3 140.2 236.2C129.3 247.1 129.3 264.9 140.2 275.8L204.2 339.8C215.1 350.7 232.9 350.7 243.8 339.8L371.8 211.8z\"><\/path><\/svg><\/span><span class=\"uagb-icon-list__label\">Effectuer des recherches professionnelles<\/span><\/div>\n<\/div><\/div>\n\n\n\n<div class=\"wp-block-uagb-icon-list uagb-block-502d298b\"><div class=\"uagb-icon-list__wrap\">\n<div class=\"wp-block-uagb-icon-list-child uagb-block-a5c928c2\"><a target=\"_self\" aria-label=\"Negotiate Deals\" rel=\"noopener noreferrer\" href=\"#\"> <\/a><span class=\"uagb-icon-list__source-wrap\"><svg xmlns=\"https:\/\/www.w3.org\/2000\/svg\" viewbox=\"0 0 512 512\"><path d=\"M0 256C0 114.6 114.6 0 256 0C397.4 0 512 114.6 512 256C512 397.4 397.4 512 256 512C114.6 512 0 397.4 0 256zM371.8 211.8C382.7 200.9 382.7 183.1 371.8 172.2C360.9 161.3 343.1 161.3 332.2 172.2L224 280.4L179.8 236.2C168.9 225.3 151.1 225.3 140.2 236.2C129.3 247.1 129.3 264.9 140.2 275.8L204.2 339.8C215.1 350.7 232.9 350.7 243.8 339.8L371.8 211.8z\"><\/path><\/svg><\/span><span class=\"uagb-icon-list__label\">N\u00e9gotiation<\/span><\/div>\n\n\n\n<div class=\"wp-block-uagb-icon-list-child uagb-block-59b6f0d2\"><a target=\"_self\" aria-label=\"Handle Contracts &amp; Riders\" rel=\"noopener noreferrer\" href=\"#\"> <\/a><span class=\"uagb-icon-list__source-wrap\"><svg xmlns=\"https:\/\/www.w3.org\/2000\/svg\" viewbox=\"0 0 512 512\"><path d=\"M0 256C0 114.6 114.6 0 256 0C397.4 0 512 114.6 512 256C512 397.4 397.4 512 256 512C114.6 512 0 397.4 0 256zM371.8 211.8C382.7 200.9 382.7 183.1 371.8 172.2C360.9 161.3 343.1 161.3 332.2 172.2L224 280.4L179.8 236.2C168.9 225.3 151.1 225.3 140.2 236.2C129.3 247.1 129.3 264.9 140.2 275.8L204.2 339.8C215.1 350.7 232.9 350.7 243.8 339.8L371.8 211.8z\"><\/path><\/svg><\/span><span class=\"uagb-icon-list__label\">Contrats et fiches techniques<\/span><\/div>\n\n\n\n<div class=\"wp-block-uagb-icon-list-child uagb-block-a766860c\"><a target=\"_self\" aria-label=\"Market Their Music and Shows\" rel=\"noopener noreferrer\" href=\"#\"> <\/a><span class=\"uagb-icon-list__source-wrap\"><svg xmlns=\"https:\/\/www.w3.org\/2000\/svg\" viewbox=\"0 0 512 512\"><path d=\"M0 256C0 114.6 114.6 0 256 0C397.4 0 512 114.6 512 256C512 397.4 397.4 512 256 512C114.6 512 0 397.4 0 256zM371.8 211.8C382.7 200.9 382.7 183.1 371.8 172.2C360.9 161.3 343.1 161.3 332.2 172.2L224 280.4L179.8 236.2C168.9 225.3 151.1 225.3 140.2 236.2C129.3 247.1 129.3 264.9 140.2 275.8L204.2 339.8C215.1 350.7 232.9 350.7 243.8 339.8L371.8 211.8z\"><\/path><\/svg><\/span><span class=\"uagb-icon-list__label\">Promouvoir leur musique et leurs spectacles<\/span><\/div>\n<\/div><\/div>\n<\/div>\n<\/div>\n<\/div>\n<\/div><\/div>\n\n<div data-aos= \"fade-up\" data-aos-duration=\"400\" data-aos-delay=\"0\" data-aos-easing=\"ease\" data-aos-once=\"true\" class=\"wp-block-uagb-container uagb-block-f2e68393 alignfull uagb-is-root-container\"><div class=\"uagb-container-inner-blocks-wrap\">\n<div class=\"wp-block-uagb-container uagb-block-9b034998\">\n<figure class=\"wp-block-image size-full\"><img loading=\"lazy\" decoding=\"async\" width=\"480\" height=\"600\" src=\"https:\/\/www.anyonecanbookagig.com\/wp-content\/uploads\/2024\/06\/K-Cutout.png\" alt=\"\" class=\"wp-image-1719\" title=\"\" srcset=\"https:\/\/www.anyonecanbookagig.com\/wp-content\/uploads\/2024\/06\/K-Cutout.png 480w, https:\/\/www.anyonecanbookagig.com\/wp-content\/uploads\/2024\/06\/K-Cutout-240x300.png 240w\" sizes=\"auto, (max-width: 480px) 100vw, 480px\" \/><\/figure>\n<\/div>\n\n\n\n<div class=\"wp-block-uagb-container uagb-block-c510eedf\">\n<div class=\"wp-block-uagb-advanced-heading uagb-block-396e4ec1\"><h6 class=\"uagb-heading-text\">\u00c1 propos Katherine<\/h6><p class=\"uagb-desc-text\">Si vous avez fait un travail s\u00e9rieux dans le jazz, vous avez probablement entendu parler de notre directrice, agent, Katherine McVicker. En 2002, elle a lanc\u00e9 la carri\u00e8re de tourn\u00e9e europ\u00e9enne de Norah Jones et a pass\u00e9 sept ans \u00e0 d\u00e9velopper le profil international de Jones. Apr\u00e8s trois d\u00e9cennies dans l&rsquo;industrie musicale en tant qu&rsquo;agent d\u00e9veloppant les carri\u00e8res de tourn\u00e9e de dizaines d&rsquo;artistes de jazz et de musique du monde de renomm\u00e9e internationale encore actifs aujourd&rsquo;hui, Katherine a fond\u00e9 l&rsquo;agence Music Works International (MWI) en 2014. Aujourd&rsquo;hui, MWI fait plus de 500 concerts chaque ann\u00e9e \u00e0 travers le monde et repr\u00e9sente plus de 30 des meilleurs artistes de jazz, d&rsquo;americana et de musique du monde. Aujourd&rsquo;hui, \u00e0 travers ce cours, Katherine et MWI offrent cette expertise, acquise au fil des ann\u00e9es d&rsquo;exp\u00e9rience, aux musiciens du monde entier. <\/p><\/div>\n\n\n\n<div class=\"wp-block-uagb-container uagb-block-49e036d8\">\n<div class=\"wp-block-uagb-advanced-heading uagb-block-06155121\"><h5 class=\"uagb-heading-text\">Katherine McVicker<\/h5><p class=\"uagb-desc-text\">Fondatrice et Directrice, Music Works International, Anyone Can Book a Gig<\/p><\/div>\n<\/div>\n<\/div>\n<\/div><\/div>\n\n<div class=\"wp-block-uagb-container uagb-block-c054fe75 alignfull uagb-is-root-container\"><div class=\"uagb-container-inner-blocks-wrap\">\n<div class=\"wp-block-uagb-container uagb-block-37b0d94f\">\n<div class=\"wp-block-uagb-advanced-heading uagb-block-6d65447b\"><h3 class=\"uagb-heading-text\">Les Chiffres de Notre Agence<\/h3><\/div>\n<\/div>\n\n\n\n<div class=\"wp-block-uagb-container uagb-block-c8b42feb\">\n<div class=\"wp-block-uagb-advanced-heading uagb-block-77afb675\"><h3 class=\"uagb-heading-text\">500+<\/h3><p class=\"uagb-desc-text\">Concerts<\/p><\/div>\n<\/div>\n\n\n\n<div class=\"wp-block-uagb-container uagb-block-6fe07502\">\n<div class=\"wp-block-uagb-advanced-heading uagb-block-09856bb5\"><h3 class=\"uagb-heading-text\">30+<\/h3><p class=\"uagb-desc-text\">Artistes<\/p><\/div>\n<\/div>\n\n\n\n<div class=\"wp-block-uagb-container uagb-block-f08f996d\">\n<div class=\"wp-block-uagb-advanced-heading uagb-block-c175bf5b\"><h3 class=\"uagb-heading-text\">30+<\/h3><p class=\"uagb-desc-text\">Ann\u00e9es d&rsquo;exp\u00e9rience<\/p><\/div>\n<\/div>\n<\/div><\/div>\n\n<div data-aos= \"fade-up\" data-aos-duration=\"400\" data-aos-delay=\"0\" data-aos-easing=\"ease\" data-aos-once=\"true\" class=\"wp-block-uagb-container uagb-block-bcee5608 alignfull uagb-is-root-container\"><div class=\"uagb-container-inner-blocks-wrap\">\n<div class=\"wp-block-uagb-advanced-heading uagb-block-6822f62e\" id=\"our-team\"><h2 class=\"uagb-heading-text\">L&rsquo;\u00e9quipe<\/h2><\/div>\n\n\n\n<div class=\"wp-block-uagb-container uagb-block-6ffa4fd2\">\n<div class=\"wp-block-uagb-team uagb-team__image-position-above uagb-team__align-center uagb-team__stack-tablet uagb-block-cedc7ad7\"><div class=\"uagb-team__content\"><img decoding=\"async\" class=\"uagb-team__image-crop-circle\" src=\"https:\/\/www.anyonecanbookagig.com\/wp-content\/uploads\/2024\/06\/IMG_5188-scaled-e1679581437222-500x500-1.jpg\" alt=\"\" height=\"270\" width=\"270\" loading=\"lazy\"\/><h5 class=\"uagb-team__title\">Matt De Le\u00f3n<\/h5><span class=\"uagb-team__prefix\">Responsable p\u00e9dagogique<\/span><p class=\"uagb-team__desc\"><\/p><ul class=\"uagb-team__social-list\"><li class=\"uagb-team__social-icon\"><a href=\"mailto:matt@musicworksinternational.com\" aria-label=\"envelope\" target=\"_self\" title=\"\" rel=\"noopener noreferrer\"><svg xmlns=\"https:\/\/www.w3.org\/2000\/svg\" viewbox=\"0 0 512 512\"><path d=\"M464 64C490.5 64 512 85.49 512 112C512 127.1 504.9 141.3 492.8 150.4L275.2 313.6C263.8 322.1 248.2 322.1 236.8 313.6L19.2 150.4C7.113 141.3 0 127.1 0 112C0 85.49 21.49 64 48 64H464zM217.6 339.2C240.4 356.3 271.6 356.3 294.4 339.2L512 176V384C512 419.3 483.3 448 448 448H64C28.65 448 0 419.3 0 384V176L217.6 339.2z\"><\/path><\/svg><\/a><\/li><\/ul><\/div><\/div>\n\n\n\n<div class=\"wp-block-uagb-container uagb-block-e4826fcc\">\n<div class=\"wp-block-uagb-team uagb-team__image-position-above uagb-team__align-center uagb-team__stack-tablet uagb-block-bfe31276\"><div class=\"uagb-team__content\"><img decoding=\"async\" class=\"uagb-team__image-crop-circle\" src=\"https:\/\/www.anyonecanbookagig.com\/wp-content\/uploads\/2024\/06\/FullSizeRender-500x500-1.jpg\" alt=\"\" height=\"270\" width=\"270\" loading=\"lazy\"\/><h5 class=\"uagb-team__title\">\u00c9amon Laughlin<\/h5><span class=\"uagb-team__prefix\">Marketing et Design<\/span><p class=\"uagb-team__desc\"><\/p><ul class=\"uagb-team__social-list\"><li class=\"uagb-team__social-icon\"><a href=\"mailto:eamon@musicworksinternational.com\" aria-label=\"envelope\" target=\"_self\" title=\"\" rel=\"noopener noreferrer\"><svg xmlns=\"https:\/\/www.w3.org\/2000\/svg\" viewbox=\"0 0 512 512\"><path d=\"M464 64C490.5 64 512 85.49 512 112C512 127.1 504.9 141.3 492.8 150.4L275.2 313.6C263.8 322.1 248.2 322.1 236.8 313.6L19.2 150.4C7.113 141.3 0 127.1 0 112C0 85.49 21.49 64 48 64H464zM217.6 339.2C240.4 356.3 271.6 356.3 294.4 339.2L512 176V384C512 419.3 483.3 448 448 448H64C28.65 448 0 419.3 0 384V176L217.6 339.2z\"><\/path><\/svg><\/a><\/li><\/ul><\/div><\/div>\n<\/div>\n\n\n\n<div class=\"wp-block-uagb-container uagb-block-e22cba76\">\n<div class=\"wp-block-uagb-team uagb-team__image-position-above uagb-team__align-center uagb-team__stack-tablet uagb-block-88c3a448\"><div class=\"uagb-team__content\"><img decoding=\"async\" class=\"uagb-team__image-crop-circle\" src=\"https:\/\/www.anyonecanbookagig.com\/wp-content\/uploads\/2024\/06\/Deidra2.jpg\" alt=\"\" height=\"270\" width=\"270\" loading=\"lazy\"\/><h5 class=\"uagb-team__title\">Deidra Levasseur<\/h5><span class=\"uagb-team__prefix\">Finance et Op\u00e9rations<\/span><p class=\"uagb-team__desc\"><\/p><ul class=\"uagb-team__social-list\"><li class=\"uagb-team__social-icon\"><a href=\"deidra@musicworksinternational.com\" aria-label=\"envelope\" target=\"_self\" title=\"\" rel=\"noopener noreferrer\"><svg xmlns=\"https:\/\/www.w3.org\/2000\/svg\" viewbox=\"0 0 512 512\"><path d=\"M464 64C490.5 64 512 85.49 512 112C512 127.1 504.9 141.3 492.8 150.4L275.2 313.6C263.8 322.1 248.2 322.1 236.8 313.6L19.2 150.4C7.113 141.3 0 127.1 0 112C0 85.49 21.49 64 48 64H464zM217.6 339.2C240.4 356.3 271.6 356.3 294.4 339.2L512 176V384C512 419.3 483.3 448 448 448H64C28.65 448 0 419.3 0 384V176L217.6 339.2z\"><\/path><\/svg><\/a><\/li><\/ul><\/div><\/div>\n<\/div>\n\n\n\n<div class=\"wp-block-uagb-container uagb-block-e4330dee\">\n<div class=\"wp-block-uagb-team uagb-team__image-position-above uagb-team__align-center uagb-team__stack-tablet uagb-block-15ff5cf3\"><div class=\"uagb-team__content\"><img decoding=\"async\" class=\"uagb-team__image-crop-circle\" src=\"https:\/\/www.anyonecanbookagig.com\/wp-content\/uploads\/2024\/06\/Majo-ProfilePhoto-300x300-1.png\" alt=\"\" height=\"270\" width=\"270\" loading=\"lazy\"\/><h5 class=\"uagb-team__title\">Majo Amieva<\/h5><span class=\"uagb-team__prefix\">Marketing LATAM<\/span><p class=\"uagb-team__desc\"><\/p><ul class=\"uagb-team__social-list\"><li class=\"uagb-team__social-icon\"><a href=\"mailto:majo@musicworksinternational.com\" aria-label=\"envelope\" target=\"_self\" title=\"\" rel=\"noopener noreferrer\"><svg xmlns=\"https:\/\/www.w3.org\/2000\/svg\" viewbox=\"0 0 512 512\"><path d=\"M464 64C490.5 64 512 85.49 512 112C512 127.1 504.9 141.3 492.8 150.4L275.2 313.6C263.8 322.1 248.2 322.1 236.8 313.6L19.2 150.4C7.113 141.3 0 127.1 0 112C0 85.49 21.49 64 48 64H464zM217.6 339.2C240.4 356.3 271.6 356.3 294.4 339.2L512 176V384C512 419.3 483.3 448 448 448H64C28.65 448 0 419.3 0 384V176L217.6 339.2z\"><\/path><\/svg><\/a><\/li><\/ul><\/div><\/div>\n<\/div>\n<\/div>\n<\/div><\/div>\n","protected":false},"excerpt":{"rendered":"<p>\u00c0 propos D\u00e9couvrez Anyone Can Book a Gig NOTRE VISION Anyone Can Book a Gig est le programme \u00e9ducatif de [&hellip;]<\/p>\n","protected":false},"author":3,"featured_media":2644,"parent":0,"menu_order":0,"comment_status":"closed","ping_status":"closed","template":"","meta":{"_uag_custom_page_level_css":"","site-sidebar-layout":"no-sidebar","site-content-layout":"plain-container","ast-site-content-layout":"normal-width-container","site-content-style":"unboxed","site-sidebar-style":"unboxed","ast-global-header-display":"","ast-banner-title-visibility":"","ast-main-header-display":"","ast-hfb-above-header-display":"","ast-hfb-below-header-display":"","ast-hfb-mobile-header-display":"","site-post-title":"disabled","ast-breadcrumbs-content":"","ast-featured-img":"disabled","footer-sml-layout":"","ast-disable-related-posts":"","theme-transparent-header-meta":"enabled","adv-header-id-meta":"","stick-header-meta":"","header-above-stick-meta":"","header-main-stick-meta":"","header-below-stick-meta":"","astra-migrate-meta-layouts":"default","ast-page-background-enabled":"default","ast-page-background-meta":{"desktop":{"background-color":"","background-image":"","background-repeat":"repeat","background-position":"center center","background-size":"auto","background-attachment":"scroll","background-type":"","background-media":"","overlay-type":"","overlay-color":"","overlay-opacity":"","overlay-gradient":""},"tablet":{"background-color":"","background-image":"","background-repeat":"repeat","background-position":"center center","background-size":"auto","background-attachment":"scroll","background-type":"","background-media":"","overlay-type":"","overlay-color":"","overlay-opacity":"","overlay-gradient":""},"mobile":{"background-color":"","background-image":"","background-repeat":"repeat","background-position":"center center","background-size":"auto","background-attachment":"scroll","background-type":"","background-media":"","overlay-type":"","overlay-color":"","overlay-opacity":"","overlay-gradient":""}},"ast-content-background-meta":{"desktop":{"background-color":"var(--ast-global-color-5)","background-image":"","background-repeat":"repeat","background-position":"center center","background-size":"auto","background-attachment":"scroll","background-type":"","background-media":"","overlay-type":"","overlay-color":"","overlay-opacity":"","overlay-gradient":""},"tablet":{"background-color":"var(--ast-global-color-5)","background-image":"","background-repeat":"repeat","background-position":"center center","background-size":"auto","background-attachment":"scroll","background-type":"","background-media":"","overlay-type":"","overlay-color":"","overlay-opacity":"","overlay-gradient":""},"mobile":{"background-color":"var(--ast-global-color-5)","background-image":"","background-repeat":"repeat","background-position":"center center","background-size":"auto","background-attachment":"scroll","background-type":"","background-media":"","overlay-type":"","overlay-color":"","overlay-opacity":"","overlay-gradient":""}},"footnotes":""},"class_list":["post-2605","page","type-page","status-publish","has-post-thumbnail","hentry"],"uagb_featured_image_src":{"full":["https:\/\/www.anyonecanbookagig.com\/wp-content\/uploads\/2024\/08\/katherinemcvicker_blog2.jpg",1200,628,false],"thumbnail":["https:\/\/www.anyonecanbookagig.com\/wp-content\/uploads\/2024\/08\/katherinemcvicker_blog2-150x150.jpg",150,150,true],"medium":["https:\/\/www.anyonecanbookagig.com\/wp-content\/uploads\/2024\/08\/katherinemcvicker_blog2-300x157.jpg",300,157,true],"medium_large":["https:\/\/www.anyonecanbookagig.com\/wp-content\/uploads\/2024\/08\/katherinemcvicker_blog2-768x402.jpg",768,402,true],"large":["https:\/\/www.anyonecanbookagig.com\/wp-content\/uploads\/2024\/08\/katherinemcvicker_blog2-1024x536.jpg",1024,536,true],"1536x1536":["https:\/\/www.anyonecanbookagig.com\/wp-content\/uploads\/2024\/08\/katherinemcvicker_blog2.jpg",1200,628,false],"2048x2048":["https:\/\/www.anyonecanbookagig.com\/wp-content\/uploads\/2024\/08\/katherinemcvicker_blog2.jpg",1200,628,false],"woocommerce_thumbnail":["https:\/\/www.anyonecanbookagig.com\/wp-content\/uploads\/2024\/08\/katherinemcvicker_blog2-300x300.jpg",300,300,true],"woocommerce_single":["https:\/\/www.anyonecanbookagig.com\/wp-content\/uploads\/2024\/08\/katherinemcvicker_blog2-600x314.jpg",600,314,true],"woocommerce_gallery_thumbnail":["https:\/\/www.anyonecanbookagig.com\/wp-content\/uploads\/2024\/08\/katherinemcvicker_blog2-100x100.jpg",100,100,true]},"uagb_author_info":{"display_name":"Eamon","author_link":"https:\/\/www.anyonecanbookagig.com\/fr\/author\/eamon\/"},"uagb_comment_info":0,"uagb_excerpt":"\u00c0 propos D\u00e9couvrez Anyone Can Book a Gig NOTRE VISION Anyone Can Book a Gig est le programme \u00e9ducatif de [&hellip;]","jetpack_sharing_enabled":true,"_links":{"self":[{"href":"https:\/\/www.anyonecanbookagig.com\/fr\/wp-json\/wp\/v2\/pages\/2605","targetHints":{"allow":["GET"]}}],"collection":[{"href":"https:\/\/www.anyonecanbookagig.com\/fr\/wp-json\/wp\/v2\/pages"}],"about":[{"href":"https:\/\/www.anyonecanbookagig.com\/fr\/wp-json\/wp\/v2\/types\/page"}],"author":[{"embeddable":true,"href":"https:\/\/www.anyonecanbookagig.com\/fr\/wp-json\/wp\/v2\/users\/3"}],"replies":[{"embeddable":true,"href":"https:\/\/www.anyonecanbookagig.com\/fr\/wp-json\/wp\/v2\/comments?post=2605"}],"version-history":[{"count":1,"href":"https:\/\/www.anyonecanbookagig.com\/fr\/wp-json\/wp\/v2\/pages\/2605\/revisions"}],"predecessor-version":[{"id":2606,"href":"https:\/\/www.anyonecanbookagig.com\/fr\/wp-json\/wp\/v2\/pages\/2605\/revisions\/2606"}],"wp:featuredmedia":[{"embeddable":true,"href":"https:\/\/www.anyonecanbookagig.com\/fr\/wp-json\/wp\/v2\/media\/2644"}],"wp:attachment":[{"href":"https:\/\/www.anyonecanbookagig.com\/fr\/wp-json\/wp\/v2\/media?parent=2605"}],"curies":[{"name":"wp","href":"https:\/\/api.w.org\/{rel}","templated":true}]}}