{"id":2214,"date":"2024-06-17T18:08:26","date_gmt":"2024-06-17T18:08:26","guid":{"rendered":"https:\/\/www.anyonecanbookagig.com\/descarga-gratuita\/"},"modified":"2025-12-01T18:09:18","modified_gmt":"2025-12-01T18:09:18","slug":"descarga-gratuita","status":"publish","type":"page","link":"https:\/\/www.anyonecanbookagig.com\/es\/descarga-gratuita\/","title":{"rendered":"Descarga gratuita"},"content":{"rendered":"\n<div class=\"wp-block-uagb-container uagb-block-f47fce3c alignfull uagb-is-root-container\"><div class=\"uagb-container-inner-blocks-wrap\">\n<div class=\"wp-block-uagb-container uagb-block-c5ac1387\">\n<div class=\"wp-block-uagb-info-box uagb-block-60ff8daf uagb-infobox__content-wrap  uagb-infobox-icon-above-title uagb-infobox-image-valign-top\"><div class=\"uagb-ifb-content\"><div class=\"uagb-ifb-title-wrap\"><h1 class=\"uagb-ifb-title-prefix\">GU\u00cdA GRATUITA<\/h1><h2 class=\"uagb-ifb-title\">La Gu\u00eda Definitiva para Comenzar a Reservar Conciertos<\/h2><\/div><p class=\"uagb-ifb-desc\"><br\/>Tu lista de verificaci\u00f3n paso a paso para empezar a reservar tus propios conciertos sin un agente.<br\/>Nota: Este recurso est\u00e1 disponible \u00fanicamente en ingl\u00e9s por el momento, aunque nuestro curso est\u00e1 disponible tanto en ingl\u00e9s como en espa\u00f1ol.<\/p><\/div><\/div>\n<\/div>\n\n\n\n<div class=\"wp-block-uagb-container uagb-block-8a43b01b\">\n<script src=\"https:\/\/js.hsforms.net\/forms\/embed\/4921763.js\" defer=\"defer\"><\/script>\n<div class=\"hs-form-frame\" data-region=\"na1\" data-form-id=\"e9caae74-5623-4063-a3f2-b65a37b3bef1\" data-portal-id=\"4921763\"><\/div>\n<\/div>\n<\/div><\/div>\n\n<div class=\"wp-block-uagb-container uagb-block-6e395e80 alignfull uagb-is-root-container\"><div class=\"uagb-container-inner-blocks-wrap\">\n<div class=\"wp-block-uagb-advanced-heading uagb-block-3c8f45fd\"><h2 class=\"uagb-heading-text\">\u00bfQu\u00e9 estoy recibiendo?<\/h2><\/div>\n\n\n\n<div class=\"wp-block-uagb-container uagb-block-439d0d97 alignfull uagb-is-root-container\"><div class=\"uagb-container-inner-blocks-wrap\">\n<div class=\"wp-block-uagb-container uagb-block-c5cb98d6\">\n<p>Da los primeros pasos para gestionar tu carrera musical como un profesional. Esta gu\u00eda te ayudar\u00e1 a establecer una base s\u00f3lida, crear conexiones y comenzar a reservar conciertos con confianza. <\/p>\n\n\n\n<div class=\"wp-block-uagb-container uagb-block-0242d0af\">\n<div class=\"wp-block-uagb-container uagb-layout-flex uagb-block-da8ca106\">      \n\t\t\t<div class=\"uagb-icon-wrapper uagb-block-974d6d71      \"\n\t\t\tstyle=\"\" >\n\t\t\t\t\t\t\t\t\t<span class=\"uagb-svg-wrapper\" \n\t\t\t\t\t aria-label=\"circle-check\"\t\t\t\t\ttabindex=\"0\">\t\t\n\t\t\t\t\t\t\t\t\t\t<svg xmlns=\"https:\/\/www.w3.org\/2000\/svg\" viewBox= \"0 0 512 512\" role=\"graphics-symbol\" aria-hidden=\"false\" aria-label=\"\"><path d=\"M0 256C0 114.6 114.6 0 256 0C397.4 0 512 114.6 512 256C512 397.4 397.4 512 256 512C114.6 512 0 397.4 0 256zM371.8 211.8C382.7 200.9 382.7 183.1 371.8 172.2C360.9 161.3 343.1 161.3 332.2 172.2L224 280.4L179.8 236.2C168.9 225.3 151.1 225.3 140.2 236.2C129.3 247.1 129.3 264.9 140.2 275.8L204.2 339.8C215.1 350.7 232.9 350.7 243.8 339.8L371.8 211.8z\"><\/path><\/svg>\n\t\t\t\t\t\t\t\t\t<\/span>\n\t\t\t\t\t\t\t<\/div>\n\t\t\t\n\n\n<p>Gu\u00eda de seis pasos para acompa\u00f1arte en todo el proceso de booking<\/p>\n<\/div>\n\n\n\n<div class=\"wp-block-uagb-container uagb-block-f7f636e6\">      \n\t\t\t<div class=\"uagb-icon-wrapper uagb-block-2cb5cdf4      \"\n\t\t\tstyle=\"\" >\n\t\t\t\t\t\t\t\t\t<span class=\"uagb-svg-wrapper\" \n\t\t\t\t\t aria-label=\"circle-check\"\t\t\t\t\ttabindex=\"0\">\t\t\n\t\t\t\t\t\t\t\t\t\t<svg xmlns=\"https:\/\/www.w3.org\/2000\/svg\" viewBox= \"0 0 512 512\" role=\"graphics-symbol\" aria-hidden=\"false\" aria-label=\"\"><path d=\"M0 256C0 114.6 114.6 0 256 0C397.4 0 512 114.6 512 256C512 397.4 397.4 512 256 512C114.6 512 0 397.4 0 256zM371.8 211.8C382.7 200.9 382.7 183.1 371.8 172.2C360.9 161.3 343.1 161.3 332.2 172.2L224 280.4L179.8 236.2C168.9 225.3 151.1 225.3 140.2 236.2C129.3 247.1 129.3 264.9 140.2 275.8L204.2 339.8C215.1 350.7 232.9 350.7 243.8 339.8L371.8 211.8z\"><\/path><\/svg>\n\t\t\t\t\t\t\t\t\t<\/span>\n\t\t\t\t\t\t\t<\/div>\n\t\t\t\n\n\n<p>Sabe qu\u00e9 pasos seguir a continuaci\u00f3n para desarrollar tu carrera<\/p>\n<\/div>\n\n\n\n<div class=\"wp-block-uagb-container uagb-block-1da61fe6\">      \n\t\t\t<div class=\"uagb-icon-wrapper uagb-block-8dab757c      \"\n\t\t\tstyle=\"\" >\n\t\t\t\t\t\t\t\t\t<span class=\"uagb-svg-wrapper\" \n\t\t\t\t\t aria-label=\"circle-check\"\t\t\t\t\ttabindex=\"0\">\t\t\n\t\t\t\t\t\t\t\t\t\t<svg xmlns=\"https:\/\/www.w3.org\/2000\/svg\" viewBox= \"0 0 512 512\" role=\"graphics-symbol\" aria-hidden=\"false\" aria-label=\"\"><path d=\"M0 256C0 114.6 114.6 0 256 0C397.4 0 512 114.6 512 256C512 397.4 397.4 512 256 512C114.6 512 0 397.4 0 256zM371.8 211.8C382.7 200.9 382.7 183.1 371.8 172.2C360.9 161.3 343.1 161.3 332.2 172.2L224 280.4L179.8 236.2C168.9 225.3 151.1 225.3 140.2 236.2C129.3 247.1 129.3 264.9 140.2 275.8L204.2 339.8C215.1 350.7 232.9 350.7 243.8 339.8L371.8 211.8z\"><\/path><\/svg>\n\t\t\t\t\t\t\t\t\t<\/span>\n\t\t\t\t\t\t\t<\/div>\n\t\t\t\n\n\n<p>Paso EXTRA sobre c\u00f3mo encontrar los venues adecuados para tocar<\/p>\n<\/div>\n<\/div>\n<\/div>\n\n\n\n<div class=\"wp-block-uagb-container uagb-block-4e1003a5\">\n<div class=\"wp-block-uagb-image aligncenter uagb-block-6a32372d wp-block-uagb-image--layout-default wp-block-uagb-image--effect-static wp-block-uagb-image--align-center\"><figure class=\"wp-block-uagb-image__figure\"><img decoding=\"async\" srcset=\"https:\/\/www.anyonecanbookagig.com\/wp-content\/uploads\/2025\/05\/Checklist_2-819x1024.png ,https:\/\/www.anyonecanbookagig.com\/wp-content\/uploads\/2025\/05\/Checklist_2.png 780w, https:\/\/www.anyonecanbookagig.com\/wp-content\/uploads\/2025\/05\/Checklist_2.png 360w\" sizes=\"auto, (max-width: 480px) 150px\" src=\"https:\/\/www.anyonecanbookagig.com\/wp-content\/uploads\/2025\/05\/Checklist_2-819x1024.png\" alt=\"\" class=\"uag-image-3916\" width=\"491\" height=\"613\" title=\"Checklist_2\" loading=\"lazy\" role=\"img\"><\/figure><\/div>\n<\/div>\n<\/div><\/div>\n<\/div><\/div>\n\n<p><\/p>\n","protected":false},"excerpt":{"rendered":"<p>\u00bfQu\u00e9 estoy recibiendo? Da los primeros pasos para gestionar tu carrera musical como un profesional. Esta gu\u00eda te ayudar\u00e1 a [&hellip;]<\/p>\n","protected":false},"author":3,"featured_media":0,"parent":0,"menu_order":0,"comment_status":"closed","ping_status":"closed","template":"","meta":{"_uag_custom_page_level_css":"","site-sidebar-layout":"default","site-content-layout":"","ast-site-content-layout":"default","site-content-style":"default","site-sidebar-style":"default","ast-global-header-display":"","ast-banner-title-visibility":"","ast-main-header-display":"","ast-hfb-above-header-display":"","ast-hfb-below-header-display":"","ast-hfb-mobile-header-display":"","site-post-title":"","ast-breadcrumbs-content":"","ast-featured-img":"","footer-sml-layout":"","ast-disable-related-posts":"","theme-transparent-header-meta":"disabled","adv-header-id-meta":"","stick-header-meta":"","header-above-stick-meta":"","header-main-stick-meta":"","header-below-stick-meta":"","astra-migrate-meta-layouts":"default","ast-page-background-enabled":"default","ast-page-background-meta":{"desktop":{"background-color":"","background-image":"","background-repeat":"repeat","background-position":"center center","background-size":"auto","background-attachment":"scroll","background-type":"","background-media":"","overlay-type":"","overlay-color":"","overlay-opacity":"","overlay-gradient":""},"tablet":{"background-color":"","background-image":"","background-repeat":"repeat","background-position":"center center","background-size":"auto","background-attachment":"scroll","background-type":"","background-media":"","overlay-type":"","overlay-color":"","overlay-opacity":"","overlay-gradient":""},"mobile":{"background-color":"","background-image":"","background-repeat":"repeat","background-position":"center center","background-size":"auto","background-attachment":"scroll","background-type":"","background-media":"","overlay-type":"","overlay-color":"","overlay-opacity":"","overlay-gradient":""}},"ast-content-background-meta":{"desktop":{"background-color":"var(--ast-global-color-5)","background-image":"","background-repeat":"repeat","background-position":"center center","background-size":"auto","background-attachment":"scroll","background-type":"","background-media":"","overlay-type":"","overlay-color":"","overlay-opacity":"","overlay-gradient":""},"tablet":{"background-color":"var(--ast-global-color-5)","background-image":"","background-repeat":"repeat","background-position":"center center","background-size":"auto","background-attachment":"scroll","background-type":"","background-media":"","overlay-type":"","overlay-color":"","overlay-opacity":"","overlay-gradient":""},"mobile":{"background-color":"var(--ast-global-color-5)","background-image":"","background-repeat":"repeat","background-position":"center center","background-size":"auto","background-attachment":"scroll","background-type":"","background-media":"","overlay-type":"","overlay-color":"","overlay-opacity":"","overlay-gradient":""}},"footnotes":""},"class_list":["post-2214","page","type-page","status-publish","hentry"],"uagb_featured_image_src":{"full":false,"thumbnail":false,"medium":false,"medium_large":false,"large":false,"1536x1536":false,"2048x2048":false,"woocommerce_thumbnail":false,"woocommerce_single":false,"woocommerce_gallery_thumbnail":false},"uagb_author_info":{"display_name":"Eamon","author_link":"https:\/\/www.anyonecanbookagig.com\/es\/author\/eamon\/"},"uagb_comment_info":0,"uagb_excerpt":"\u00bfQu\u00e9 estoy recibiendo? Da los primeros pasos para gestionar tu carrera musical como un profesional. Esta gu\u00eda te ayudar\u00e1 a [&hellip;]","jetpack_sharing_enabled":true,"_links":{"self":[{"href":"https:\/\/www.anyonecanbookagig.com\/es\/wp-json\/wp\/v2\/pages\/2214","targetHints":{"allow":["GET"]}}],"collection":[{"href":"https:\/\/www.anyonecanbookagig.com\/es\/wp-json\/wp\/v2\/pages"}],"about":[{"href":"https:\/\/www.anyonecanbookagig.com\/es\/wp-json\/wp\/v2\/types\/page"}],"author":[{"embeddable":true,"href":"https:\/\/www.anyonecanbookagig.com\/es\/wp-json\/wp\/v2\/users\/3"}],"replies":[{"embeddable":true,"href":"https:\/\/www.anyonecanbookagig.com\/es\/wp-json\/wp\/v2\/comments?post=2214"}],"version-history":[{"count":5,"href":"https:\/\/www.anyonecanbookagig.com\/es\/wp-json\/wp\/v2\/pages\/2214\/revisions"}],"predecessor-version":[{"id":4271,"href":"https:\/\/www.anyonecanbookagig.com\/es\/wp-json\/wp\/v2\/pages\/2214\/revisions\/4271"}],"wp:attachment":[{"href":"https:\/\/www.anyonecanbookagig.com\/es\/wp-json\/wp\/v2\/media?parent=2214"}],"curies":[{"name":"wp","href":"https:\/\/api.w.org\/{rel}","templated":true}]}}